{"id":4395676,"date":"2024-03-13T14:57:38","date_gmt":"2024-03-13T13:57:38","guid":{"rendered":"https:\/\/hpsbutikservice.se\/las\/"},"modified":"2024-03-26T14:24:40","modified_gmt":"2024-03-26T13:24:40","slug":"las","status":"publish","type":"page","link":"https:\/\/hpsbutikservice.se\/fi\/online-support\/produktlarm\/las\/","title":{"rendered":"Digitaaliset lukot"},"content":{"rendered":"<div id=\"epkb-modular-main-page-container\" role=\"main\" aria-labelledby=\"epkb-modular-main-page-container\" class=\"epkb-css-full-reset eckb_mp_active_theme_Divi\">\t\t\t\n\t\t\t<div id=\"epkb-ml__row-1\" data-feature=\"search\" class=\"epkb-ml__row\">                \n\t\t<div id=\"epkb-ml__module-search\" class=\"epkb-ml__module eckb_search_on_main_page\">   \n\t\t\t<!-- Classic Search Layout -->\n\t\t\t<div id=\"epkb-ml-search-classic-layout\">    \t\t<div class=\"epkb-ml-search-title\">Kuinka voimme auttaa?<\/div>   \t\t\t\t<form id=\"epkb-ml-search-form\" class=\"epkb-ml-search-input-height--large\" method=\"get\" onsubmit=\"return false;\" action=\"\">\n\t\t\t\t<input type=\"hidden\" id=\"epkb_kb_id\" value=\"9\" >\n\n\t\t\t\t<!-- Search Input Box -->\n\t\t\t\t<div id=\"epkb-ml-search-box\">\n\t\t\t\t\t<input class=\"epkb-ml-search-box__input\" type=\"text\" name=\"s\" value=\"\" aria-label=\"Search the documentation...\"\n\t\t\t\t\t        placeholder=\"Search the documentation...\" aria-controls=\"epkb-ml-search-results\" >\n\t\t\t\t\t<button class=\"epkb-ml-search-box__btn\" type=\"submit\">\n                        <span class=\"epkb-ml-search-box__text\"> Search<\/span>\n                        <span class=\"epkbfa epkbfa-spinner epkbfa-ml-loading-icon\"><\/span>\n                    <\/button>\n\t\t\t\t<\/div>\n\n\t\t\t\t<!-- Search Results -->\n\t\t\t\t<div id=\"epkb-ml-search-results\" aria-live=\"polite\"><\/div>\n\t\t\t<input type=\"hidden\" name=\"trp-form-language\" value=\"fi\"\/><\/form>\n\t\t<\/div>  \n\t\t<\/div>  \t\t\t<\/div>  \n\t\t\t<div id=\"epkb-ml__row-2\" data-feature=\"categories_articles\" class=\"epkb-ml__row\">                \n\t\t<div id=\"epkb-ml__module-categories-articles\" class=\"epkb-ml__module epkb-ml-cat-article-sidebar--active\">  \n\t\t<div id=\"epkb-ml-cat-article-sidebar\" class=\"epkb-ml-sidebar--left\">\t\t\t\n\t\t<!-- Popular Articles -->\n\t\t<section id=\"epkb-ml-sidebar-popular-articles\" class=\"epkb-ml-article-section\">\n\t\t\t<div class=\"epkb-ml-article-section__head\" role=\"heading\" aria-level=\"3\">Popular Articles<\/div>\n\t\t\t<div class=\"epkb-ml-article-section__body\">\n\t\t\t\t<ul class=\"epkb-ml-articles-list\">  \t\t\t\t\t\t<li>\n\t\t<a href=\"https:\/\/hpsbutikservice.se\/fi\/online-support\/produktlarm\/las\/auto-draft\/\"  class=\"epkb-ml-article-container\"\n\t\t            data-kb-article-id=\"4395694\" >\n\t\t\t<span class=\"epkb-article-inner\"  style=\"color: #b3b3b3;\"  >\n\t\t\t\t<span class=\"eckb-article-title__icon ep_font_icon_document\"  style=\"color: #b3b3b3;\"  aria-hidden=\"true\"><\/span>\n\t\t\t\t<span class=\"epkb-article__text\" >Auto Draft<\/span>\n\t\t\t<\/span> \t\t<\/a>    <\/li>\t\t\t\t<\/ul>\n\t\t\t<\/div>\n\t\t<\/section>  \n\t\t<!-- Newest Articles -->\n\t\t<section id=\"epkb-ml-sidebar-newest-articles\" class=\"epkb-ml-article-section\">\n\t\t\t<div class=\"epkb-ml-article-section__head\" role=\"heading\" aria-level=\"3\">Newest Articles<\/div>\n\t\t\t<div class=\"epkb-ml-article-section__body\">\n\t\t\t\t<ul class=\"epkb-ml-articles-list\">  \t\t\t\t\t\t<li>\n\t\t<a href=\"https:\/\/hpsbutikservice.se\/fi\/online-support\/produktlarm\/las\/auto-draft\/\"  class=\"epkb-ml-article-container\"\n\t\t            data-kb-article-id=\"4395694\" >\n\t\t\t<span class=\"epkb-article-inner\"  style=\"color: #b3b3b3;\"  >\n\t\t\t\t<span class=\"eckb-article-title__icon ep_font_icon_document\"  style=\"color: #b3b3b3;\"  aria-hidden=\"true\"><\/span>\n\t\t\t\t<span class=\"epkb-article__text\" >Auto Draft<\/span>\n\t\t\t<\/span> \t\t<\/a>    <\/li>\t\t\t\t<\/ul>\n\t\t\t<\/div>\n\t\t<\/section>  \n\t\t<\/div>\t\r\n\t\t<div id=\"epkb-ml-sidebar-layout\" role=\"main\" aria-labelledby=\"Knowledge Base\" class=\"epkb-layout-container epkb-css-full-reset\">\r\n\r\n\t\t\t<!--  Main Page Content -->\r\n\t\t\t<div class=\"epkb-section-container\">\t\n\t\t<div id=\"eckb-article-page-container-v2\" class=\"eckb-article-page-content-counter eckb_ap_active_theme_Divi\" data-mobile_breakpoint=\"768\">    \t\t\t\t<a href=\"#eckb-article-content\" class=\"eckb-skip-link eckb-screen-reader-text\">Skip to main content<\/a>   <div id=\"eckb-article-header\" >\n\t\t<div id=\"epkb-ml__module-search\" class=\"epkb-ml__module eckb_search_on_main_page\">   \n\t\t\t<!-- Classic Search Layout -->\n\t\t\t<div id=\"epkb-ml-search-classic-layout\">    \t\t<div class=\"epkb-ml-search-title\">Kuinka voimme auttaa?<\/div>   \t\t\t\t<form id=\"epkb-ml-search-form\" class=\"epkb-ml-search-input-height--large\" method=\"get\" onsubmit=\"return false;\" action=\"\">\n\t\t\t\t<input type=\"hidden\" id=\"epkb_kb_id\" value=\"9\" >\n\n\t\t\t\t<!-- Search Input Box -->\n\t\t\t\t<div id=\"epkb-ml-search-box\">\n\t\t\t\t\t<input class=\"epkb-ml-search-box__input\" type=\"text\" name=\"s\" value=\"\" aria-label=\"Search the documentation...\"\n\t\t\t\t\t        placeholder=\"Search the documentation...\" aria-controls=\"epkb-ml-search-results\" >\n\t\t\t\t\t<button class=\"epkb-ml-search-box__btn\" type=\"submit\">\n                        <span class=\"epkb-ml-search-box__text\"> Search<\/span>\n                        <span class=\"epkbfa epkbfa-spinner epkbfa-ml-loading-icon\"><\/span>\n                    <\/button>\n\t\t\t\t<\/div>\n\n\t\t\t\t<!-- Search Results -->\n\t\t\t\t<div id=\"epkb-ml-search-results\" aria-live=\"polite\"><\/div>\n\t\t\t<input type=\"hidden\" name=\"trp-form-language\" value=\"fi\"\/><\/form>\n\t\t<\/div>  \n\t\t<\/div>  <\/div>\n\t\t\t<div id=\"eckb-article-body\">  <div id=\"eckb-article-left-sidebar\" >\r\n\t\t<section id=\"elay-sidebar-container-v2\" class=\"elay-sidebar--reset elay-sidebar--medium-shadow elay-sidebar--slim-scrollbar elay-sidebar--TopCat-on eckb_ap_active_theme_Divi\" aria-label=\"Side menu\">\r\n\r\n\t\t\t<ul class=\"elay-sidebar__cat-container\">  \t\t\t\t\t\t\t\t<li id=\"elay-top-cat-id-328\" class=\"elay-sidebar__cat__top-cat\"> \t\t\t\t\r\n\t\t<div class=\"elay-sidebar__cat__top-cat__heading-container  elay-top-class-collapse-on  sidebar_section_divider\">\r\n\t\t\t<div class=\"elay-sidebar__heading__inner\" >\r\n\r\n\t\t\t\t<!-- CATEGORY ICON -->\r\n\t\t\t\t<div class=\"elay-sidebar__heading__inner__name\">\r\n\t\t\t\t\t<span class=\"ep_font_icon_arrow_carrot_right elay_sidebar_expand_category_icon\"><\/span>\t\t\t\t\t<h2 class=\"elay-sidebar__heading__inner__cat-name\"  style=\"font-size:18px;\" >Digitaalinen lukko - Toiminta\/Asennus<\/h2>\r\n\t\t\t\t<\/div>\r\n\r\n\r\n\t\t\t\t<!-- CATEGORY DESC -->\t\t\t\t\t\t\t<\/div>\r\n\t\t<\/div>\t\t\r\n\t\t<div class=\"elay-sidebar__cat__top-cat__body-container\"  style=\"font-size:16px;\" >  \r\n\t\t<ul class=\"elay-sidebar__body__main-cat elay-articles eckb-articles-ordering\"  style=\"padding-left: 10px;\" > <li  style=\"padding-bottom: 6px; padding-top: 6px;\" class=\"elay-articles-coming-soon\">Articles coming soon<\/li>\r\n\t\t<\/ul> \t\t<\/div>  \t\t\t\t\t\t<\/li>  \t\t\t\t\r\n\t\t\t<\/ul>\r\n\r\n\t\t<\/section>   \t\t<\/div>\n\t\t        <article id=\"eckb-article-content\" tabindex=\"-1\" data-article-id=\"0\" >                        <div id=\"eckb-article-content-header\" ><h1 class=\"eckb-article-title\"><\/h1><div class=\"eckb-article-content-header__article-meta\"><div class=\"eckb-ach__article-meta__date-created\"><span class=\"eckb-ach__article-meta__date-created__date-icon epkbfa epkbfa-calendar\"><\/span><span class=\"eckb-ach__article-meta__date-created__text\">Posted<\/span><span class=\"eckb-ach__article-meta__date-created__date\"><time class=\"entry-date\" datetime=\"2024-03-13T14:57:38+01:00\">13 maaliskuun, 2024<\/time><\/span><\/div><div class=\"eckb-ach__article-meta__date-updated\"><span class=\"eckb-ach__article-meta__date-updated__date-icon epkbfa epkbfa-pencil-square-o\"><\/span><span class=\"eckb-ach__article-meta__date-updated__text\">Updated<\/span><span class=\"eckb-ach__article-meta__date-updated__date\"><time class=\"entry-date\" datetime=\"2024-03-26T14:24:40+01:00\">26 maaliskuun, 2024<\/time><\/span><\/div><div class=\"eckb-ach__article-meta__author\"><span class=\"eckb-ach__article-meta__author__author-icon epkbfa epkbfa-user\"><\/span><span class=\"eckb-ach__article-meta__author__text\">By<\/span><span class=\"eckb-ach__article-meta__author__name\">host<\/span><\/div>\t\t<span class=\"eckb-print-button-meta-container\">\t\t\t<span class=\"eckb-print-button-meta-icon epkbfa epkbfa-print\"><\/span>\t\t\t\t<span class=\"eckb-print-button-meta-text\">Print<\/span>\t\t\t\t\t\t <\/span> <\/div>\n\t<div class=\"eckb-breadcrumb\"  style=\"padding-top: 0px; padding-right: 4px; padding-bottom: 0px; padding-left: 4px; margin-top: 0px; margin-right: 0px; margin-bottom: 0px; margin-left: 0px; font-size:14px;\" >    \t\t<nav class=\"eckb-breadcrumb-outline\" aria-label=\"Breadcrumb\">\n\t\t\t<ul class=\"eckb-breadcrumb-nav\">       <li  style=\"font-size:14px;\" >\t<span class=\"eckb-breadcrumb-link\"><a tabindex=\"0\" href=\"https:\/\/hpsbutikservice.se\/fi\/online-support\/produktlarm\/las\/\"><span  style=\"color: #000000;\"  >Main<\/span><\/a><span class=\"eckb-breadcrumb-link-icon ep_font_icon_arrow_carrot_right\" aria-hidden=\"true\"><\/span>\t<\/span><\/li><li  style=\"font-size:14px;\" >\t<span class=\"eckb-breadcrumb-link\"><a tabindex=\"0\" href=\"https:\/\/hpsbutikservice.se\/fi\/online-support\/produktlarm\/las\/category\/fortknox-function-installation\/\"><span  style=\"color: #000000;\"  >Digitaalinen lukko - Toiminta\/Asennus<\/span><\/a><span class=\"eckb-breadcrumb-link-icon ep_font_icon_arrow_carrot_right\" aria-hidden=\"true\"><\/span>\t<\/span><\/li><li  style=\"font-size:14px;\" >\t<span class=\"eckb-breadcrumb-link\"><span aria-current=\"page\" style=\"color: #000000;\"  >Demo Article<\/span>\t<\/span><\/li>\t\t\t<\/ul>\n\t\t<\/nav>\n\n\t<\/div>          <\/div><div id=\"eckb-article-content-body\" ><h2>Tervetuloa Online Support tukeen.<\/h2>\n<h3><strong>Verkkotukemme sis\u00e4lt\u00e4\u00e4 monia k\u00e4yt\u00e4nn\u00f6llisi\u00e4 ominaisuuksia, arvokasta tietoa, vinkkej\u00e4 ja k\u00e4yt\u00e4nn\u00f6n apua.<\/strong><\/h3><\/div><div id=\"eckb-article-content-footer\" ><\/div>\n\t\t        <\/article><!-- \/#eckb-article-content -->     <div id=\"eckb-article-right-sidebar\" ><\/div>\n\t\t\t<\/div><!-- \/#eckb-article-body -->              <div id=\"eckb-article-footer\" ><\/div>\n\t\t<\/div><!-- \/#eckb-article-page-container-v2 -->\n\n\t\t<style id=\"eckb-article-styles\" type=\"text\/css\"><\/style>   \t\t\t<\/div>\r\n\r\n\t\t<\/div>   \n\t\t<\/div>    \t\t\t<\/div>  \t\t<\/div>","protected":false},"excerpt":{"rendered":"","protected":false},"author":1,"featured_media":0,"parent":4393987,"menu_order":0,"comment_status":"closed","ping_status":"closed","template":"","meta":{"_et_pb_use_builder":"","_et_pb_old_content":"","_et_gb_content_width":"","footnotes":""},"class_list":["post-4395676","page","type-page","status-publish","hentry"],"yoast_head":"<!-- This site is optimized with the Yoast SEO plugin v27.2 - https:\/\/yoast.com\/product\/yoast-seo-wordpress\/ -->\n<title>Digitala l\u00e5s - hpsbutikservice.se<\/title>\n<meta name=\"robots\" content=\"index, follow, max-snippet:-1, max-image-preview:large, max-video-preview:-1\" \/>\n<link rel=\"canonical\" href=\"https:\/\/hpsbutikservice.se\/fi\/online-support\/tuotteen-halytys\/las\/\" \/>\n<meta property=\"og:locale\" content=\"fi_FI\" \/>\n<meta property=\"og:type\" content=\"article\" \/>\n<meta property=\"og:title\" content=\"Digitala l\u00e5s - hpsbutikservice.se\" \/>\n<meta property=\"og:url\" content=\"https:\/\/hpsbutikservice.se\/fi\/online-support\/tuotteen-halytys\/las\/\" \/>\n<meta property=\"og:site_name\" content=\"hpsbutikservice.se\" \/>\n<meta property=\"article:modified_time\" content=\"2024-03-26T13:24:40+00:00\" \/>\n<meta name=\"twitter:card\" content=\"summary_large_image\" \/>\n<meta name=\"twitter:label1\" content=\"Arvioitu lukuaika\" \/>\n\t<meta name=\"twitter:data1\" content=\"1 minuutti\" \/>\n<script type=\"application\/ld+json\" class=\"yoast-schema-graph\">{\"@context\":\"https:\/\/schema.org\",\"@graph\":[{\"@type\":\"WebPage\",\"@id\":\"https:\/\/hpsbutikservice.se\/online-support\/produktlarm\/las\/\",\"url\":\"https:\/\/hpsbutikservice.se\/online-support\/produktlarm\/las\/\",\"name\":\"Digitala l\u00e5s - hpsbutikservice.se\",\"isPartOf\":{\"@id\":\"https:\/\/hpsbutikservice.se\/#website\"},\"datePublished\":\"2024-03-13T13:57:38+00:00\",\"dateModified\":\"2024-03-26T13:24:40+00:00\",\"breadcrumb\":{\"@id\":\"https:\/\/hpsbutikservice.se\/online-support\/produktlarm\/las\/#breadcrumb\"},\"inLanguage\":\"fi\",\"potentialAction\":[{\"@type\":\"ReadAction\",\"target\":[\"https:\/\/hpsbutikservice.se\/online-support\/produktlarm\/las\/\"]}]},{\"@type\":\"BreadcrumbList\",\"@id\":\"https:\/\/hpsbutikservice.se\/online-support\/produktlarm\/las\/#breadcrumb\",\"itemListElement\":[{\"@type\":\"ListItem\",\"position\":1,\"name\":\"Home\",\"item\":\"https:\/\/hpsbutikservice.se\/\"},{\"@type\":\"ListItem\",\"position\":2,\"name\":\"Online Support\",\"item\":\"https:\/\/hpsbutikservice.se\/online-support\/\"},{\"@type\":\"ListItem\",\"position\":3,\"name\":\"Produktlarm\",\"item\":\"https:\/\/hpsbutikservice.se\/online-support\/produktlarm\/\"},{\"@type\":\"ListItem\",\"position\":4,\"name\":\"Digitala l\u00e5s\"}]},{\"@type\":\"WebSite\",\"@id\":\"https:\/\/hpsbutikservice.se\/#website\",\"url\":\"https:\/\/hpsbutikservice.se\/\",\"name\":\"hpsbutikservice.se\",\"description\":\"Kompletta butikslarm\",\"publisher\":{\"@id\":\"https:\/\/hpsbutikservice.se\/#organization\"},\"potentialAction\":[{\"@type\":\"SearchAction\",\"target\":{\"@type\":\"EntryPoint\",\"urlTemplate\":\"https:\/\/hpsbutikservice.se\/?s={search_term_string}\"},\"query-input\":{\"@type\":\"PropertyValueSpecification\",\"valueRequired\":true,\"valueName\":\"search_term_string\"}}],\"inLanguage\":\"fi\"},{\"@type\":\"Organization\",\"@id\":\"https:\/\/hpsbutikservice.se\/#organization\",\"name\":\"hpsbutikservice.se\",\"url\":\"https:\/\/hpsbutikservice.se\/\",\"logo\":{\"@type\":\"ImageObject\",\"inLanguage\":\"fi\",\"@id\":\"https:\/\/hpsbutikservice.se\/#\/schema\/logo\/image\/\",\"url\":\"https:\/\/hpsbutikservice.se\/wp-content\/uploads\/2021\/04\/HPsButikservice.jpg\",\"contentUrl\":\"https:\/\/hpsbutikservice.se\/wp-content\/uploads\/2021\/04\/HPsButikservice.jpg\",\"width\":209,\"height\":130,\"caption\":\"hpsbutikservice.se\"},\"image\":{\"@id\":\"https:\/\/hpsbutikservice.se\/#\/schema\/logo\/image\/\"}}]}<\/script>\n<!-- \/ Yoast SEO plugin. -->","yoast_head_json":{"title":"Digitala l\u00e5s - hpsbutikservice.se","robots":{"index":"index","follow":"follow","max-snippet":"max-snippet:-1","max-image-preview":"max-image-preview:large","max-video-preview":"max-video-preview:-1"},"canonical":"https:\/\/hpsbutikservice.se\/fi\/online-support\/tuotteen-halytys\/las\/","og_locale":"fi_FI","og_type":"article","og_title":"Digitala l\u00e5s - hpsbutikservice.se","og_url":"https:\/\/hpsbutikservice.se\/fi\/online-support\/tuotteen-halytys\/las\/","og_site_name":"hpsbutikservice.se","article_modified_time":"2024-03-26T13:24:40+00:00","twitter_card":"summary_large_image","twitter_misc":{"Arvioitu lukuaika":"1 minuutti"},"schema":{"@context":"https:\/\/schema.org","@graph":[{"@type":"WebPage","@id":"https:\/\/hpsbutikservice.se\/online-support\/produktlarm\/las\/","url":"https:\/\/hpsbutikservice.se\/online-support\/produktlarm\/las\/","name":"Digitala l\u00e5s - hpsbutikservice.se","isPartOf":{"@id":"https:\/\/hpsbutikservice.se\/#website"},"datePublished":"2024-03-13T13:57:38+00:00","dateModified":"2024-03-26T13:24:40+00:00","breadcrumb":{"@id":"https:\/\/hpsbutikservice.se\/online-support\/produktlarm\/las\/#breadcrumb"},"inLanguage":"fi","potentialAction":[{"@type":"ReadAction","target":["https:\/\/hpsbutikservice.se\/online-support\/produktlarm\/las\/"]}]},{"@type":"BreadcrumbList","@id":"https:\/\/hpsbutikservice.se\/online-support\/produktlarm\/las\/#breadcrumb","itemListElement":[{"@type":"ListItem","position":1,"name":"Home","item":"https:\/\/hpsbutikservice.se\/"},{"@type":"ListItem","position":2,"name":"Online Support","item":"https:\/\/hpsbutikservice.se\/online-support\/"},{"@type":"ListItem","position":3,"name":"Produktlarm","item":"https:\/\/hpsbutikservice.se\/online-support\/produktlarm\/"},{"@type":"ListItem","position":4,"name":"Digitala l\u00e5s"}]},{"@type":"WebSite","@id":"https:\/\/hpsbutikservice.se\/#website","url":"https:\/\/hpsbutikservice.se\/","name":"hpsbutikservice.se","description":"Kompletta butikslarm","publisher":{"@id":"https:\/\/hpsbutikservice.se\/#organization"},"potentialAction":[{"@type":"SearchAction","target":{"@type":"EntryPoint","urlTemplate":"https:\/\/hpsbutikservice.se\/?s={search_term_string}"},"query-input":{"@type":"PropertyValueSpecification","valueRequired":true,"valueName":"search_term_string"}}],"inLanguage":"fi"},{"@type":"Organization","@id":"https:\/\/hpsbutikservice.se\/#organization","name":"hpsbutikservice.se","url":"https:\/\/hpsbutikservice.se\/","logo":{"@type":"ImageObject","inLanguage":"fi","@id":"https:\/\/hpsbutikservice.se\/#\/schema\/logo\/image\/","url":"https:\/\/hpsbutikservice.se\/wp-content\/uploads\/2021\/04\/HPsButikservice.jpg","contentUrl":"https:\/\/hpsbutikservice.se\/wp-content\/uploads\/2021\/04\/HPsButikservice.jpg","width":209,"height":130,"caption":"hpsbutikservice.se"},"image":{"@id":"https:\/\/hpsbutikservice.se\/#\/schema\/logo\/image\/"}}]}},"_links":{"self":[{"href":"https:\/\/hpsbutikservice.se\/fi\/wp-json\/wp\/v2\/pages\/4395676","targetHints":{"allow":["GET"]}}],"collection":[{"href":"https:\/\/hpsbutikservice.se\/fi\/wp-json\/wp\/v2\/pages"}],"about":[{"href":"https:\/\/hpsbutikservice.se\/fi\/wp-json\/wp\/v2\/types\/page"}],"author":[{"embeddable":true,"href":"https:\/\/hpsbutikservice.se\/fi\/wp-json\/wp\/v2\/users\/1"}],"replies":[{"embeddable":true,"href":"https:\/\/hpsbutikservice.se\/fi\/wp-json\/wp\/v2\/comments?post=4395676"}],"version-history":[{"count":2,"href":"https:\/\/hpsbutikservice.se\/fi\/wp-json\/wp\/v2\/pages\/4395676\/revisions"}],"predecessor-version":[{"id":4395832,"href":"https:\/\/hpsbutikservice.se\/fi\/wp-json\/wp\/v2\/pages\/4395676\/revisions\/4395832"}],"up":[{"embeddable":true,"href":"https:\/\/hpsbutikservice.se\/fi\/wp-json\/wp\/v2\/pages\/4393987"}],"wp:attachment":[{"href":"https:\/\/hpsbutikservice.se\/fi\/wp-json\/wp\/v2\/media?parent=4395676"}],"curies":[{"name":"wp","href":"https:\/\/api.w.org\/{rel}","templated":true}]}}