{"id":4393772,"date":"2021-09-10T09:44:01","date_gmt":"2021-09-10T07:44:01","guid":{"rendered":"http:\/\/hps.mathinic.nu\/?page_id=4393772"},"modified":"2025-03-06T11:00:11","modified_gmt":"2025-03-06T10:00:11","slug":"tarkistuksia","status":"publish","type":"page","link":"https:\/\/hpsbutikservice.se\/fi\/revisioner\/","title":{"rendered":"Revisioner"},"content":{"rendered":"<p>[et_pb_section fb_built=&#8221;1&#8243; _builder_version=&#8221;4.16&#8243; _module_preset=&#8221;default&#8221; global_colors_info=&#8221;{}&#8221;][et_pb_row column_structure=&#8221;1_2,1_2&#8243; _builder_version=&#8221;4.16&#8243; _module_preset=&#8221;default&#8221; global_colors_info=&#8221;{}&#8221;][et_pb_column type=&#8221;1_2&#8243; _builder_version=&#8221;4.16&#8243; _module_preset=&#8221;default&#8221; global_colors_info=&#8221;{}&#8221;][et_pb_text _builder_version=&#8221;4.16&#8243; _module_preset=&#8221;default&#8221; global_colors_info=&#8221;{}&#8221;]<\/p>\n<h1>Vi skyddar dina intressen!<\/h1>\n<h3>\u00c4r du s\u00e4kerhetschef, lossprevention manager eller \u00e4ger din egen butik?<br \/>D\u00e5 kan vi hj\u00e4lpa dig!<\/h3>\n<p>Vi ser er s\u00e4kerhetsutrustning som en av flera parametrar i ert arbete att<br \/>minska st\u00f6lder och \u00f6ka kundupplevelsen.<\/p>\n<p><strong>Vi jobbar d\u00e4rf\u00f6r med helheten:<\/strong><\/p>\n<p>[\/et_pb_text][et_pb_blurb title=&#8221;Personal&#8221; use_icon=&#8221;on&#8221; font_icon=&#8221;&#x4e;||divi||400&#8243; icon_color=&#8221;#edb000&#8243; icon_placement=&#8221;left&#8221; image_icon_width=&#8221;24px&#8221; _builder_version=&#8221;4.16&#8243; _module_preset=&#8221;default&#8221; custom_margin=&#8221;0px||0px||false|false&#8221; custom_padding=&#8221;0px||0px||false|false&#8221; icon_font_size=&#8221;24px&#8221; global_colors_info=&#8221;{}&#8221;][\/et_pb_blurb][et_pb_blurb title=&#8221;Produkter&#8221; use_icon=&#8221;on&#8221; font_icon=&#8221;&#x4e;||divi||400&#8243; icon_color=&#8221;#edb000&#8243; icon_placement=&#8221;left&#8221; image_icon_width=&#8221;24px&#8221; _builder_version=&#8221;4.16&#8243; _module_preset=&#8221;default&#8221; custom_margin=&#8221;0px||0px||false|false&#8221; custom_padding=&#8221;0px||0px||false|false&#8221; icon_font_size=&#8221;24px&#8221; global_colors_info=&#8221;{}&#8221;][\/et_pb_blurb][et_pb_blurb title=&#8221;Utbildning&#8221; use_icon=&#8221;on&#8221; font_icon=&#8221;&#x4e;||divi||400&#8243; icon_color=&#8221;#edb000&#8243; icon_placement=&#8221;left&#8221; image_icon_width=&#8221;24px&#8221; _builder_version=&#8221;4.16&#8243; _module_preset=&#8221;default&#8221; custom_margin=&#8221;0px||0px||false|false&#8221; custom_padding=&#8221;0px||0px||false|false&#8221; icon_font_size=&#8221;24px&#8221; global_colors_info=&#8221;{}&#8221;][\/et_pb_blurb][et_pb_blurb title=&#8221;Online support&#8221; use_icon=&#8221;on&#8221; font_icon=&#8221;&#x4e;||divi||400&#8243; icon_color=&#8221;#edb000&#8243; icon_placement=&#8221;left&#8221; image_icon_width=&#8221;24px&#8221; _builder_version=&#8221;4.16&#8243; _module_preset=&#8221;default&#8221; custom_margin=&#8221;0px||0px||false|false&#8221; custom_padding=&#8221;0px||0px||false|false&#8221; icon_font_size=&#8221;24px&#8221; global_colors_info=&#8221;{}&#8221;][\/et_pb_blurb][et_pb_blurb title=&#8221;Revisioner&#8221; use_icon=&#8221;on&#8221; font_icon=&#8221;&#x4e;||divi||400&#8243; icon_color=&#8221;#edb000&#8243; icon_placement=&#8221;left&#8221; image_icon_width=&#8221;24px&#8221; _builder_version=&#8221;4.16&#8243; _module_preset=&#8221;default&#8221; custom_margin=&#8221;0px||0px||false|false&#8221; custom_padding=&#8221;0px||0px||false|false&#8221; icon_font_size=&#8221;24px&#8221; global_colors_info=&#8221;{}&#8221;][\/et_pb_blurb][et_pb_blurb title=&#8221;Underh\u00e5ll\/ direktunderh\u00e5ll&#8221; use_icon=&#8221;on&#8221; font_icon=&#8221;&#x4e;||divi||400&#8243; icon_color=&#8221;#edb000&#8243; icon_placement=&#8221;left&#8221; image_icon_width=&#8221;24px&#8221; _builder_version=&#8221;4.16&#8243; _module_preset=&#8221;default&#8221; custom_margin=&#8221;0px||||false|false&#8221; custom_padding=&#8221;0px||||false|false&#8221; icon_font_size=&#8221;24px&#8221; global_colors_info=&#8221;{}&#8221;][\/et_pb_blurb][et_pb_text _builder_version=&#8221;4.16&#8243; _module_preset=&#8221;default&#8221; global_colors_info=&#8221;{}&#8221;]<\/p>\n<p><strong><em>L\u00e5ter det intressant?<\/em><\/strong><br \/>Kontakta oss idag f\u00f6r mer information!<br \/>+46 76 76 77 774<\/p>\n<p>[\/et_pb_text][\/et_pb_column][et_pb_column type=&#8221;1_2&#8243; _builder_version=&#8221;4.16&#8243; _module_preset=&#8221;default&#8221; global_colors_info=&#8221;{}&#8221;][et_pb_image src=&#8221;https:\/\/hpsbutikservice.se\/wp-content\/uploads\/2021\/09\/Ny_illustration.png&#8221; title_text=&#8221;Ny_illustration&#8221; _builder_version=&#8221;4.16&#8243; _module_preset=&#8221;default&#8221; global_colors_info=&#8221;{}&#8221;][\/et_pb_image][\/et_pb_column][\/et_pb_row][\/et_pb_section]<\/p>\n","protected":false},"excerpt":{"rendered":"<p>Vi skyddar dina intressen! \u00c4r du s\u00e4kerhetschef, lossprevention manager eller \u00e4ger din egen butik?D\u00e5 kan vi hj\u00e4lpa dig! Vi ser er s\u00e4kerhetsutrustning som en av flera parametrar i ert arbete attminska st\u00f6lder och \u00f6ka kundupplevelsen. Vi jobbar d\u00e4rf\u00f6r med helheten:L\u00e5ter det intressant?Kontakta oss idag f\u00f6r mer information!+46 76 76 77 774<\/p>","protected":false},"author":1,"featured_media":0,"parent":0,"menu_order":0,"comment_status":"closed","ping_status":"closed","template":"","meta":{"_et_pb_use_builder":"on","_et_pb_old_content":"","_et_gb_content_width":"","footnotes":""},"class_list":["post-4393772","page","type-page","status-publish","hentry"],"yoast_head":"<!-- This site is optimized with the Yoast SEO plugin v27.2 - https:\/\/yoast.com\/product\/yoast-seo-wordpress\/ -->\n<title>Revisioner - hpsbutikservice.se<\/title>\n<meta name=\"robots\" content=\"index, follow, max-snippet:-1, max-image-preview:large, max-video-preview:-1\" \/>\n<link rel=\"canonical\" href=\"https:\/\/hpsbutikservice.se\/fi\/tarkistuksia\/\" \/>\n<meta property=\"og:locale\" content=\"fi_FI\" \/>\n<meta property=\"og:type\" content=\"article\" \/>\n<meta property=\"og:title\" content=\"Revisioner - hpsbutikservice.se\" \/>\n<meta property=\"og:description\" content=\"Vi skyddar dina intressen! \u00c4r du s\u00e4kerhetschef, lossprevention manager eller \u00e4ger din egen butik?D\u00e5 kan vi hj\u00e4lpa dig! Vi ser er s\u00e4kerhetsutrustning som en av flera parametrar i ert arbete attminska st\u00f6lder och \u00f6ka kundupplevelsen. Vi jobbar d\u00e4rf\u00f6r med helheten:L\u00e5ter det intressant?Kontakta oss idag f\u00f6r mer information!+46 76 76 77 774\" \/>\n<meta property=\"og:url\" content=\"https:\/\/hpsbutikservice.se\/fi\/tarkistuksia\/\" \/>\n<meta property=\"og:site_name\" content=\"hpsbutikservice.se\" \/>\n<meta property=\"article:modified_time\" content=\"2025-03-06T10:00:11+00:00\" \/>\n<meta name=\"twitter:card\" content=\"summary_large_image\" \/>\n<meta name=\"twitter:label1\" content=\"Arvioitu lukuaika\" \/>\n\t<meta name=\"twitter:data1\" content=\"1 minuutti\" \/>\n<script type=\"application\/ld+json\" class=\"yoast-schema-graph\">{\"@context\":\"https:\/\/schema.org\",\"@graph\":[{\"@type\":\"WebPage\",\"@id\":\"https:\/\/hpsbutikservice.se\/revisioner\/\",\"url\":\"https:\/\/hpsbutikservice.se\/revisioner\/\",\"name\":\"Revisioner - hpsbutikservice.se\",\"isPartOf\":{\"@id\":\"https:\/\/hpsbutikservice.se\/#website\"},\"datePublished\":\"2021-09-10T07:44:01+00:00\",\"dateModified\":\"2025-03-06T10:00:11+00:00\",\"breadcrumb\":{\"@id\":\"https:\/\/hpsbutikservice.se\/revisioner\/#breadcrumb\"},\"inLanguage\":\"fi\",\"potentialAction\":[{\"@type\":\"ReadAction\",\"target\":[\"https:\/\/hpsbutikservice.se\/revisioner\/\"]}]},{\"@type\":\"BreadcrumbList\",\"@id\":\"https:\/\/hpsbutikservice.se\/revisioner\/#breadcrumb\",\"itemListElement\":[{\"@type\":\"ListItem\",\"position\":1,\"name\":\"Home\",\"item\":\"https:\/\/hpsbutikservice.se\/\"},{\"@type\":\"ListItem\",\"position\":2,\"name\":\"Revisioner\"}]},{\"@type\":\"WebSite\",\"@id\":\"https:\/\/hpsbutikservice.se\/#website\",\"url\":\"https:\/\/hpsbutikservice.se\/\",\"name\":\"hpsbutikservice.se\",\"description\":\"Kompletta butikslarm\",\"publisher\":{\"@id\":\"https:\/\/hpsbutikservice.se\/#organization\"},\"potentialAction\":[{\"@type\":\"SearchAction\",\"target\":{\"@type\":\"EntryPoint\",\"urlTemplate\":\"https:\/\/hpsbutikservice.se\/?s={search_term_string}\"},\"query-input\":{\"@type\":\"PropertyValueSpecification\",\"valueRequired\":true,\"valueName\":\"search_term_string\"}}],\"inLanguage\":\"fi\"},{\"@type\":\"Organization\",\"@id\":\"https:\/\/hpsbutikservice.se\/#organization\",\"name\":\"hpsbutikservice.se\",\"url\":\"https:\/\/hpsbutikservice.se\/\",\"logo\":{\"@type\":\"ImageObject\",\"inLanguage\":\"fi\",\"@id\":\"https:\/\/hpsbutikservice.se\/#\/schema\/logo\/image\/\",\"url\":\"https:\/\/hpsbutikservice.se\/wp-content\/uploads\/2021\/04\/HPsButikservice.jpg\",\"contentUrl\":\"https:\/\/hpsbutikservice.se\/wp-content\/uploads\/2021\/04\/HPsButikservice.jpg\",\"width\":209,\"height\":130,\"caption\":\"hpsbutikservice.se\"},\"image\":{\"@id\":\"https:\/\/hpsbutikservice.se\/#\/schema\/logo\/image\/\"}}]}<\/script>\n<!-- \/ Yoast SEO plugin. -->","yoast_head_json":{"title":"Revisioner - hpsbutikservice.se","robots":{"index":"index","follow":"follow","max-snippet":"max-snippet:-1","max-image-preview":"max-image-preview:large","max-video-preview":"max-video-preview:-1"},"canonical":"https:\/\/hpsbutikservice.se\/fi\/tarkistuksia\/","og_locale":"fi_FI","og_type":"article","og_title":"Revisioner - hpsbutikservice.se","og_description":"Vi skyddar dina intressen! \u00c4r du s\u00e4kerhetschef, lossprevention manager eller \u00e4ger din egen butik?D\u00e5 kan vi hj\u00e4lpa dig! Vi ser er s\u00e4kerhetsutrustning som en av flera parametrar i ert arbete attminska st\u00f6lder och \u00f6ka kundupplevelsen. Vi jobbar d\u00e4rf\u00f6r med helheten:L\u00e5ter det intressant?Kontakta oss idag f\u00f6r mer information!+46 76 76 77 774","og_url":"https:\/\/hpsbutikservice.se\/fi\/tarkistuksia\/","og_site_name":"hpsbutikservice.se","article_modified_time":"2025-03-06T10:00:11+00:00","twitter_card":"summary_large_image","twitter_misc":{"Arvioitu lukuaika":"1 minuutti"},"schema":{"@context":"https:\/\/schema.org","@graph":[{"@type":"WebPage","@id":"https:\/\/hpsbutikservice.se\/revisioner\/","url":"https:\/\/hpsbutikservice.se\/revisioner\/","name":"Revisioner - hpsbutikservice.se","isPartOf":{"@id":"https:\/\/hpsbutikservice.se\/#website"},"datePublished":"2021-09-10T07:44:01+00:00","dateModified":"2025-03-06T10:00:11+00:00","breadcrumb":{"@id":"https:\/\/hpsbutikservice.se\/revisioner\/#breadcrumb"},"inLanguage":"fi","potentialAction":[{"@type":"ReadAction","target":["https:\/\/hpsbutikservice.se\/revisioner\/"]}]},{"@type":"BreadcrumbList","@id":"https:\/\/hpsbutikservice.se\/revisioner\/#breadcrumb","itemListElement":[{"@type":"ListItem","position":1,"name":"Home","item":"https:\/\/hpsbutikservice.se\/"},{"@type":"ListItem","position":2,"name":"Revisioner"}]},{"@type":"WebSite","@id":"https:\/\/hpsbutikservice.se\/#website","url":"https:\/\/hpsbutikservice.se\/","name":"hpsbutikservice.se","description":"Kompletta butikslarm","publisher":{"@id":"https:\/\/hpsbutikservice.se\/#organization"},"potentialAction":[{"@type":"SearchAction","target":{"@type":"EntryPoint","urlTemplate":"https:\/\/hpsbutikservice.se\/?s={search_term_string}"},"query-input":{"@type":"PropertyValueSpecification","valueRequired":true,"valueName":"search_term_string"}}],"inLanguage":"fi"},{"@type":"Organization","@id":"https:\/\/hpsbutikservice.se\/#organization","name":"hpsbutikservice.se","url":"https:\/\/hpsbutikservice.se\/","logo":{"@type":"ImageObject","inLanguage":"fi","@id":"https:\/\/hpsbutikservice.se\/#\/schema\/logo\/image\/","url":"https:\/\/hpsbutikservice.se\/wp-content\/uploads\/2021\/04\/HPsButikservice.jpg","contentUrl":"https:\/\/hpsbutikservice.se\/wp-content\/uploads\/2021\/04\/HPsButikservice.jpg","width":209,"height":130,"caption":"hpsbutikservice.se"},"image":{"@id":"https:\/\/hpsbutikservice.se\/#\/schema\/logo\/image\/"}}]}},"_links":{"self":[{"href":"https:\/\/hpsbutikservice.se\/fi\/wp-json\/wp\/v2\/pages\/4393772","targetHints":{"allow":["GET"]}}],"collection":[{"href":"https:\/\/hpsbutikservice.se\/fi\/wp-json\/wp\/v2\/pages"}],"about":[{"href":"https:\/\/hpsbutikservice.se\/fi\/wp-json\/wp\/v2\/types\/page"}],"author":[{"embeddable":true,"href":"https:\/\/hpsbutikservice.se\/fi\/wp-json\/wp\/v2\/users\/1"}],"replies":[{"embeddable":true,"href":"https:\/\/hpsbutikservice.se\/fi\/wp-json\/wp\/v2\/comments?post=4393772"}],"version-history":[{"count":18,"href":"https:\/\/hpsbutikservice.se\/fi\/wp-json\/wp\/v2\/pages\/4393772\/revisions"}],"predecessor-version":[{"id":4396643,"href":"https:\/\/hpsbutikservice.se\/fi\/wp-json\/wp\/v2\/pages\/4393772\/revisions\/4396643"}],"wp:attachment":[{"href":"https:\/\/hpsbutikservice.se\/fi\/wp-json\/wp\/v2\/media?parent=4393772"}],"curies":[{"name":"wp","href":"https:\/\/api.w.org\/{rel}","templated":true}]}}