{"id":4395211,"date":"2024-02-21T11:20:21","date_gmt":"2024-02-21T10:20:21","guid":{"rendered":"https:\/\/hpsbutikservice.se\/?page_id=4395211"},"modified":"2024-05-10T11:58:07","modified_gmt":"2024-05-10T09:58:07","slug":"rfid-las","status":"publish","type":"page","link":"https:\/\/hpsbutikservice.se\/en\/produkter\/rfid-las\/","title":{"rendered":"RFID lock"},"content":{"rendered":"<p>[et_pb_section fb_built=&#8221;1&#8243; _builder_version=&#8221;4.25.0&#8243; _module_preset=&#8221;default&#8221; global_colors_info=&#8221;{}&#8221;][et_pb_row column_structure=&#8221;1_2,1_2&#8243; _builder_version=&#8221;4.25.0&#8243; _module_preset=&#8221;default&#8221; custom_css_main_element=&#8221;display: flex;||flex-wrap: wrap;&#8221; global_colors_info=&#8221;{}&#8221;][et_pb_column type=&#8221;1_2&#8243; _builder_version=&#8221;4.25.0&#8243; _module_preset=&#8221;default&#8221; custom_css_main_element=&#8221;order:1;&#8221; global_colors_info=&#8221;{}&#8221; custom_css_main_element_last_edited=&#8221;on|tablet&#8221; custom_css_main_element_phone=&#8221;order:2;&#8221; custom_css_main_element_tablet=&#8221;order:2;&#8221;][et_pb_text _builder_version=&#8221;4.24.1&#8243; _module_preset=&#8221;default&#8221; text_font=&#8221;|700|||||||&#8221; custom_margin=&#8221;0px||0px||false|false&#8221; custom_padding=&#8221;0px||0px||false|false&#8221; global_colors_info=&#8221;{}&#8221;]<\/p>\n<h1><b>Digitalt RFID l\u00e5ssystem<\/b><\/h1>\n<p>[\/et_pb_text][et_pb_text _builder_version=&#8221;4.24.1&#8243; _module_preset=&#8221;default&#8221; text_font_size=&#8221;23px&#8221; header_2_line_height=&#8221;1.3em&#8221; header_4_font=&#8221;|700|||||||&#8221; header_4_font_size=&#8221;16px&#8221; custom_margin=&#8221;0px||||false|false&#8221; custom_padding=&#8221;0px||||false|false&#8221; global_colors_info=&#8221;{}&#8221;]<\/p>\n<h2><strong>V\u00e5rt RFID l\u00e5s \u00e4r ett anv\u00e4ndarv\u00e4nligt l\u00e5s f\u00f6r s\u00e4ker f\u00f6rvaring i:<\/strong><\/h2>\n<ul>\n<li>\n<h3>Omkl\u00e4dningsrum<\/h3>\n<\/li>\n<li>\n<h3>Butiksmilj\u00f6er<\/h3>\n<\/li>\n<li>\n<h3>Skolor<\/h3>\n<\/li>\n<li>\n<h3>Kontorsmilj\u00f6er och annan verksamhet<\/h3>\n<\/li>\n<\/ul>\n<h3>L\u00e5sen drivs av standardbatterier (AAA) och \u00e4r mycket enkla att installera och hantera f\u00f6r anv\u00e4ndaren.<\/h3>\n<h3>D\u00e5 de monteras p\u00e5 insidan av sk\u00e5pet bibeh\u00e5ller luckan\/d\u00f6rren sin design. Eftersom det \u00e4r en h\u00f6g avl\u00e4sarniv\u00e5 kan l\u00e5sen monteras p\u00e5 olika d\u00f6rrar\/luckor oberoende av tjocklek.<\/h3>\n<h3>Detta h\u00f6gkvalitativa l\u00e5s \u00e4r mycket prisv\u00e4rt.<\/h3>\n<p>[\/et_pb_text][et_pb_button button_url=&#8221;https:\/\/hpsbutikservice.se\/produkt-kategori\/rfid-las\/&#8221; button_text=&#8221;Webshop&#8221; disabled_on=&#8221;off|off|off&#8221; _builder_version=&#8221;4.24.1&#8243; _module_preset=&#8221;default&#8221; button_icon_color=&#8221;RGBA(255,255,255,0)&#8221; custom_css_main_element=&#8221;max-width:30%;||float:left;&#8221; global_colors_info=&#8221;{}&#8221; custom_css_main_element_tablet=&#8221;max-width:30%;||float:left;&#8221; custom_css_main_element_phone=&#8221;max-width:100%;||float:none;||margin-left:auto;&#8221; custom_css_main_element_last_edited=&#8221;on|phone&#8221;][\/et_pb_button][et_pb_button button_url=&#8221;https:\/\/hpsbutikservice.se\/online-support\/rfid-las\/&#8221; button_text=&#8221;S\u00e5 funkar RFID-l\u00e5sen&#8221; _builder_version=&#8221;4.25.0&#8243; _module_preset=&#8221;default&#8221; transform_origin=&#8221;0%|50%&#8221; hover_enabled=&#8221;0&#8243; custom_css_main_element=&#8221;max-width:42%;||float:left;||margin-left:25px;&#8221; global_colors_info=&#8221;{}&#8221; custom_css_main_element_tablet=&#8221;max-width:30%;||float:left;||margin-left:25px;&#8221; custom_css_main_element_phone=&#8221;max-width:100%;||float:none;||margin-left:auto;&#8221; custom_css_main_element_last_edited=&#8221;on|phone&#8221; sticky_enabled=&#8221;0&#8243;][\/et_pb_button][et_pb_button button_url=&#8221;https:\/\/hpsbutikservice.se\/about-us\/&#8221; button_text=&#8221;Kontakta oss&#8221; _builder_version=&#8221;4.24.1&#8243; _module_preset=&#8221;default&#8221; custom_css_main_element=&#8221;max-width:30%;||float:left;||margin-left:25px;&#8221; global_colors_info=&#8221;{}&#8221; custom_css_main_element_tablet=&#8221;max-width:30%;||float:left;||margin-left:25px;&#8221; custom_css_main_element_phone=&#8221;max-width:100%;||float:none;||margin-left:auto;&#8221; custom_css_main_element_last_edited=&#8221;on|phone&#8221;][\/et_pb_button][\/et_pb_column][et_pb_column type=&#8221;1_2&#8243; _builder_version=&#8221;4.25.0&#8243; _module_preset=&#8221;default&#8221; custom_css_main_element=&#8221;order:2;&#8221; global_colors_info=&#8221;{}&#8221; custom_css_main_element_last_edited=&#8221;on|phone&#8221; custom_css_main_element_phone=&#8221;order:1;&#8221; custom_css_main_element_tablet=&#8221;order:1;&#8221;][et_pb_gallery gallery_ids=&#8221;4395492,4395822&#8243; fullwidth=&#8221;on&#8221; _builder_version=&#8221;4.24.1&#8243; _module_preset=&#8221;default&#8221; animation_style=&#8221;slide&#8221; animation_duration=&#8221;1500ms&#8221; auto=&#8221;on&#8221; auto_speed=&#8221;5000&#8243; global_colors_info=&#8221;{}&#8221;][\/et_pb_gallery][\/et_pb_column][\/et_pb_row][\/et_pb_section][et_pb_section fb_built=&#8221;1&#8243; disabled_on=&#8221;on|on|on&#8221; _builder_version=&#8221;4.24.1&#8243; _module_preset=&#8221;default&#8221; disabled=&#8221;on&#8221; collapsed=&#8221;off&#8221; global_colors_info=&#8221;{}&#8221;][et_pb_row column_structure=&#8221;1_5,1_5,1_5,1_5,1_5&#8243; use_custom_gutter=&#8221;on&#8221; gutter_width=&#8221;2&#8243; make_equal=&#8221;on&#8221; _builder_version=&#8221;4.24.1&#8243; _module_preset=&#8221;default&#8221; collapsed=&#8221;off&#8221; global_colors_info=&#8221;{}&#8221;][et_pb_column type=&#8221;1_5&#8243; _builder_version=&#8221;4.24.1&#8243; _module_preset=&#8221;default&#8221; border_width_all=&#8221;1px&#8221; border_color_all=&#8221;#eeeeee&#8221; global_colors_info=&#8221;{}&#8221;][et_pb_blurb title=&#8221;SB 20 White\/Black&#8221; url=&#8221;https:\/\/hpsbutikservice.se\/produkt-kategori\/produktlarm\/sb-20\/&#8221; image=&#8221;https:\/\/hpsbutikservice.se\/wp-content\/uploads\/2023\/01\/P0603209.jpg&#8221; content_max_width=&#8221;100%&#8221; _builder_version=&#8221;4.24.1&#8243; _module_preset=&#8221;default&#8221; header_font=&#8221;|700|||||||&#8221; text_orientation=&#8221;center&#8221; link_option_url=&#8221;https:\/\/hpsbutikservice.se\/produkt-kategori\/produktlarm\/sb-20\/&#8221; custom_css_blurb_title=&#8221;padding-left:20px;||padding-right:20px;&#8221; global_colors_info=&#8221;{}&#8221;][\/et_pb_blurb][\/et_pb_column][et_pb_column type=&#8221;1_5&#8243; _builder_version=&#8221;4.24.1&#8243; _module_preset=&#8221;default&#8221; border_width_all=&#8221;1px&#8221; border_color_all=&#8221;#eeeeee&#8221; global_colors_info=&#8221;{}&#8221;][et_pb_blurb title=&#8221;SB 20 High Power White\/Black&#8221; url=&#8221;https:\/\/hpsbutikservice.se\/produkt-kategori\/produktlarm\/sb20-high-power-white-black\/&#8221; image=&#8221;https:\/\/hpsbutikservice.se\/wp-content\/uploads\/2023\/01\/P0603346-1.jpg&#8221; content_max_width=&#8221;100%&#8221; _builder_version=&#8221;4.24.1&#8243; _module_preset=&#8221;default&#8221; header_font=&#8221;|700|||||||&#8221; text_orientation=&#8221;center&#8221; link_option_url=&#8221;https:\/\/hpsbutikservice.se\/produkt-kategori\/produktlarm\/sb20-high-power-white-black\/&#8221; custom_css_blurb_title=&#8221;padding-left:20px;||padding-right:20px;&#8221; global_colors_info=&#8221;{}&#8221;][\/et_pb_blurb][\/et_pb_column][et_pb_column type=&#8221;1_5&#8243; _builder_version=&#8221;4.24.1&#8243; _module_preset=&#8221;default&#8221; border_width_all=&#8221;1px&#8221; border_color_all=&#8221;#eeeeee&#8221; global_colors_info=&#8221;{}&#8221;][et_pb_blurb title=&#8221;SB 10&#8243; url=&#8221;https:\/\/hpsbutikservice.se\/produkt-kategori\/produktlarm\/sb-10\/&#8221; image=&#8221;https:\/\/hpsbutikservice.se\/wp-content\/uploads\/2021\/10\/SB10-1-1.jpg&#8221; _builder_version=&#8221;4.24.1&#8243; _module_preset=&#8221;default&#8221; header_font=&#8221;|700|||||||&#8221; text_orientation=&#8221;center&#8221; link_option_url=&#8221;https:\/\/hpsbutikservice.se\/produkt-kategori\/produktlarm\/sb-10\/&#8221; custom_css_blurb_title=&#8221;padding-left:20px;||padding-right:20px;&#8221; global_colors_info=&#8221;{}&#8221;][\/et_pb_blurb][\/et_pb_column][et_pb_column type=&#8221;1_5&#8243; _builder_version=&#8221;4.24.1&#8243; _module_preset=&#8221;default&#8221; border_width_all=&#8221;1px&#8221; border_color_all=&#8221;#eeeeee&#8221; global_colors_info=&#8221;{}&#8221;][et_pb_blurb title=&#8221;M 10&#8243; url=&#8221;https:\/\/hpsbutikservice.se\/produkt-kategori\/produktlarm\/m10\/&#8221; image=&#8221;https:\/\/hpsbutikservice.se\/wp-content\/uploads\/2021\/10\/M10-8-1.jpg&#8221; _builder_version=&#8221;4.24.1&#8243; _module_preset=&#8221;default&#8221; header_font=&#8221;|700|||||||&#8221; text_orientation=&#8221;center&#8221; link_option_url=&#8221;https:\/\/hpsbutikservice.se\/produkt-kategori\/produktlarm\/m10\/&#8221; custom_css_blurb_title=&#8221;padding-left:20px;||padding-right:20px;&#8221; global_colors_info=&#8221;{}&#8221;][\/et_pb_blurb][\/et_pb_column][et_pb_column type=&#8221;1_5&#8243; _builder_version=&#8221;4.24.1&#8243; _module_preset=&#8221;default&#8221; border_width_all=&#8221;1px&#8221; border_color_all=&#8221;#eeeeee&#8221; global_colors_info=&#8221;{}&#8221;][et_pb_blurb title=&#8221;Accessories&#8221; url=&#8221;https:\/\/hpsbutikservice.se\/produkt-kategori\/produktlarm\/accessories\/&#8221; image=&#8221;https:\/\/hpsbutikservice.se\/wp-content\/uploads\/2021\/10\/Acces-1-1.jpg&#8221; _builder_version=&#8221;4.24.1&#8243; _module_preset=&#8221;default&#8221; header_font=&#8221;|700|||||||&#8221; text_orientation=&#8221;center&#8221; link_option_url=&#8221;https:\/\/hpsbutikservice.se\/produkt-kategori\/produktlarm\/accessories\/&#8221; custom_css_blurb_title=&#8221;padding-left:20px;||padding-right:20px;&#8221; global_colors_info=&#8221;{}&#8221;][\/et_pb_blurb][\/et_pb_column][\/et_pb_row][\/et_pb_section]<\/p>\n","protected":false},"excerpt":{"rendered":"<p>Digitalt RFID l\u00e5ssystemV\u00e5rt RFID l\u00e5s \u00e4r ett anv\u00e4ndarv\u00e4nligt l\u00e5s f\u00f6r s\u00e4ker f\u00f6rvaring i: Omkl\u00e4dningsrum Butiksmilj\u00f6er Skolor Kontorsmilj\u00f6er och annan verksamhet L\u00e5sen drivs av standardbatterier (AAA) och \u00e4r mycket enkla att installera och hantera f\u00f6r anv\u00e4ndaren. D\u00e5 de monteras p\u00e5 insidan av sk\u00e5pet bibeh\u00e5ller luckan\/d\u00f6rren sin design. Eftersom det \u00e4r en h\u00f6g avl\u00e4sarniv\u00e5 kan l\u00e5sen monteras [&hellip;]<\/p>\n","protected":false},"author":1,"featured_media":0,"parent":4395706,"menu_order":0,"comment_status":"closed","ping_status":"closed","template":"","meta":{"_et_pb_use_builder":"on","_et_pb_old_content":"","_et_gb_content_width":"","footnotes":""},"class_list":["post-4395211","page","type-page","status-publish","hentry"],"yoast_head":"<!-- This site is optimized with the Yoast SEO plugin v27.2 - https:\/\/yoast.com\/product\/yoast-seo-wordpress\/ -->\n<title>RFID l\u00e5s - hpsbutikservice.se<\/title>\n<meta name=\"robots\" content=\"index, follow, max-snippet:-1, max-image-preview:large, max-video-preview:-1\" \/>\n<link rel=\"canonical\" href=\"https:\/\/hpsbutikservice.se\/en\/products\/rfid-las\/\" \/>\n<meta property=\"og:locale\" content=\"en_US\" \/>\n<meta property=\"og:type\" content=\"article\" \/>\n<meta property=\"og:title\" content=\"RFID l\u00e5s - hpsbutikservice.se\" \/>\n<meta property=\"og:description\" content=\"Digitalt RFID l\u00e5ssystemV\u00e5rt RFID l\u00e5s \u00e4r ett anv\u00e4ndarv\u00e4nligt l\u00e5s f\u00f6r s\u00e4ker f\u00f6rvaring i: Omkl\u00e4dningsrum Butiksmilj\u00f6er Skolor Kontorsmilj\u00f6er och annan verksamhet L\u00e5sen drivs av standardbatterier (AAA) och \u00e4r mycket enkla att installera och hantera f\u00f6r anv\u00e4ndaren. D\u00e5 de monteras p\u00e5 insidan av sk\u00e5pet bibeh\u00e5ller luckan\/d\u00f6rren sin design. Eftersom det \u00e4r en h\u00f6g avl\u00e4sarniv\u00e5 kan l\u00e5sen monteras [&hellip;]\" \/>\n<meta property=\"og:url\" content=\"https:\/\/hpsbutikservice.se\/en\/products\/rfid-las\/\" \/>\n<meta property=\"og:site_name\" content=\"hpsbutikservice.se\" \/>\n<meta property=\"article:modified_time\" content=\"2024-05-10T09:58:07+00:00\" \/>\n<meta name=\"twitter:card\" content=\"summary_large_image\" \/>\n<meta name=\"twitter:label1\" content=\"Est. reading time\" \/>\n\t<meta name=\"twitter:data1\" content=\"1 minute\" \/>\n<script type=\"application\/ld+json\" class=\"yoast-schema-graph\">{\"@context\":\"https:\/\/schema.org\",\"@graph\":[{\"@type\":\"WebPage\",\"@id\":\"https:\/\/hpsbutikservice.se\/produkter\/rfid-las\/\",\"url\":\"https:\/\/hpsbutikservice.se\/produkter\/rfid-las\/\",\"name\":\"RFID l\u00e5s - hpsbutikservice.se\",\"isPartOf\":{\"@id\":\"https:\/\/hpsbutikservice.se\/#website\"},\"datePublished\":\"2024-02-21T10:20:21+00:00\",\"dateModified\":\"2024-05-10T09:58:07+00:00\",\"breadcrumb\":{\"@id\":\"https:\/\/hpsbutikservice.se\/produkter\/rfid-las\/#breadcrumb\"},\"inLanguage\":\"en-US\",\"potentialAction\":[{\"@type\":\"ReadAction\",\"target\":[\"https:\/\/hpsbutikservice.se\/produkter\/rfid-las\/\"]}]},{\"@type\":\"BreadcrumbList\",\"@id\":\"https:\/\/hpsbutikservice.se\/produkter\/rfid-las\/#breadcrumb\",\"itemListElement\":[{\"@type\":\"ListItem\",\"position\":1,\"name\":\"Home\",\"item\":\"https:\/\/hpsbutikservice.se\/\"},{\"@type\":\"ListItem\",\"position\":2,\"name\":\"Produkter\",\"item\":\"https:\/\/hpsbutikservice.se\/produkter\/\"},{\"@type\":\"ListItem\",\"position\":3,\"name\":\"RFID l\u00e5s\"}]},{\"@type\":\"WebSite\",\"@id\":\"https:\/\/hpsbutikservice.se\/#website\",\"url\":\"https:\/\/hpsbutikservice.se\/\",\"name\":\"hpsbutikservice.se\",\"description\":\"Kompletta butikslarm\",\"publisher\":{\"@id\":\"https:\/\/hpsbutikservice.se\/#organization\"},\"potentialAction\":[{\"@type\":\"SearchAction\",\"target\":{\"@type\":\"EntryPoint\",\"urlTemplate\":\"https:\/\/hpsbutikservice.se\/?s={search_term_string}\"},\"query-input\":{\"@type\":\"PropertyValueSpecification\",\"valueRequired\":true,\"valueName\":\"search_term_string\"}}],\"inLanguage\":\"en-US\"},{\"@type\":\"Organization\",\"@id\":\"https:\/\/hpsbutikservice.se\/#organization\",\"name\":\"hpsbutikservice.se\",\"url\":\"https:\/\/hpsbutikservice.se\/\",\"logo\":{\"@type\":\"ImageObject\",\"inLanguage\":\"en-US\",\"@id\":\"https:\/\/hpsbutikservice.se\/#\/schema\/logo\/image\/\",\"url\":\"https:\/\/hpsbutikservice.se\/wp-content\/uploads\/2021\/04\/HPsButikservice.jpg\",\"contentUrl\":\"https:\/\/hpsbutikservice.se\/wp-content\/uploads\/2021\/04\/HPsButikservice.jpg\",\"width\":209,\"height\":130,\"caption\":\"hpsbutikservice.se\"},\"image\":{\"@id\":\"https:\/\/hpsbutikservice.se\/#\/schema\/logo\/image\/\"}}]}<\/script>\n<!-- \/ Yoast SEO plugin. -->","yoast_head_json":{"title":"RFID l\u00e5s - hpsbutikservice.se","robots":{"index":"index","follow":"follow","max-snippet":"max-snippet:-1","max-image-preview":"max-image-preview:large","max-video-preview":"max-video-preview:-1"},"canonical":"https:\/\/hpsbutikservice.se\/en\/products\/rfid-las\/","og_locale":"en_US","og_type":"article","og_title":"RFID l\u00e5s - hpsbutikservice.se","og_description":"Digitalt RFID l\u00e5ssystemV\u00e5rt RFID l\u00e5s \u00e4r ett anv\u00e4ndarv\u00e4nligt l\u00e5s f\u00f6r s\u00e4ker f\u00f6rvaring i: Omkl\u00e4dningsrum Butiksmilj\u00f6er Skolor Kontorsmilj\u00f6er och annan verksamhet L\u00e5sen drivs av standardbatterier (AAA) och \u00e4r mycket enkla att installera och hantera f\u00f6r anv\u00e4ndaren. D\u00e5 de monteras p\u00e5 insidan av sk\u00e5pet bibeh\u00e5ller luckan\/d\u00f6rren sin design. Eftersom det \u00e4r en h\u00f6g avl\u00e4sarniv\u00e5 kan l\u00e5sen monteras [&hellip;]","og_url":"https:\/\/hpsbutikservice.se\/en\/products\/rfid-las\/","og_site_name":"hpsbutikservice.se","article_modified_time":"2024-05-10T09:58:07+00:00","twitter_card":"summary_large_image","twitter_misc":{"Est. reading time":"1 minute"},"schema":{"@context":"https:\/\/schema.org","@graph":[{"@type":"WebPage","@id":"https:\/\/hpsbutikservice.se\/produkter\/rfid-las\/","url":"https:\/\/hpsbutikservice.se\/produkter\/rfid-las\/","name":"RFID l\u00e5s - hpsbutikservice.se","isPartOf":{"@id":"https:\/\/hpsbutikservice.se\/#website"},"datePublished":"2024-02-21T10:20:21+00:00","dateModified":"2024-05-10T09:58:07+00:00","breadcrumb":{"@id":"https:\/\/hpsbutikservice.se\/produkter\/rfid-las\/#breadcrumb"},"inLanguage":"en-US","potentialAction":[{"@type":"ReadAction","target":["https:\/\/hpsbutikservice.se\/produkter\/rfid-las\/"]}]},{"@type":"BreadcrumbList","@id":"https:\/\/hpsbutikservice.se\/produkter\/rfid-las\/#breadcrumb","itemListElement":[{"@type":"ListItem","position":1,"name":"Home","item":"https:\/\/hpsbutikservice.se\/"},{"@type":"ListItem","position":2,"name":"Produkter","item":"https:\/\/hpsbutikservice.se\/produkter\/"},{"@type":"ListItem","position":3,"name":"RFID l\u00e5s"}]},{"@type":"WebSite","@id":"https:\/\/hpsbutikservice.se\/#website","url":"https:\/\/hpsbutikservice.se\/","name":"hpsbutikservice.se","description":"Kompletta butikslarm","publisher":{"@id":"https:\/\/hpsbutikservice.se\/#organization"},"potentialAction":[{"@type":"SearchAction","target":{"@type":"EntryPoint","urlTemplate":"https:\/\/hpsbutikservice.se\/?s={search_term_string}"},"query-input":{"@type":"PropertyValueSpecification","valueRequired":true,"valueName":"search_term_string"}}],"inLanguage":"en-US"},{"@type":"Organization","@id":"https:\/\/hpsbutikservice.se\/#organization","name":"hpsbutikservice.se","url":"https:\/\/hpsbutikservice.se\/","logo":{"@type":"ImageObject","inLanguage":"en-US","@id":"https:\/\/hpsbutikservice.se\/#\/schema\/logo\/image\/","url":"https:\/\/hpsbutikservice.se\/wp-content\/uploads\/2021\/04\/HPsButikservice.jpg","contentUrl":"https:\/\/hpsbutikservice.se\/wp-content\/uploads\/2021\/04\/HPsButikservice.jpg","width":209,"height":130,"caption":"hpsbutikservice.se"},"image":{"@id":"https:\/\/hpsbutikservice.se\/#\/schema\/logo\/image\/"}}]}},"_links":{"self":[{"href":"https:\/\/hpsbutikservice.se\/en\/wp-json\/wp\/v2\/pages\/4395211","targetHints":{"allow":["GET"]}}],"collection":[{"href":"https:\/\/hpsbutikservice.se\/en\/wp-json\/wp\/v2\/pages"}],"about":[{"href":"https:\/\/hpsbutikservice.se\/en\/wp-json\/wp\/v2\/types\/page"}],"author":[{"embeddable":true,"href":"https:\/\/hpsbutikservice.se\/en\/wp-json\/wp\/v2\/users\/1"}],"replies":[{"embeddable":true,"href":"https:\/\/hpsbutikservice.se\/en\/wp-json\/wp\/v2\/comments?post=4395211"}],"version-history":[{"count":32,"href":"https:\/\/hpsbutikservice.se\/en\/wp-json\/wp\/v2\/pages\/4395211\/revisions"}],"predecessor-version":[{"id":4396439,"href":"https:\/\/hpsbutikservice.se\/en\/wp-json\/wp\/v2\/pages\/4395211\/revisions\/4396439"}],"up":[{"embeddable":true,"href":"https:\/\/hpsbutikservice.se\/en\/wp-json\/wp\/v2\/pages\/4395706"}],"wp:attachment":[{"href":"https:\/\/hpsbutikservice.se\/en\/wp-json\/wp\/v2\/media?parent=4395211"}],"curies":[{"name":"wp","href":"https:\/\/api.w.org\/{rel}","templated":true}]}}