{"id":4393774,"date":"2021-09-10T09:44:17","date_gmt":"2021-09-10T07:44:17","guid":{"rendered":"http:\/\/hps.mathinic.nu\/?page_id=4393774"},"modified":"2025-03-19T14:48:40","modified_gmt":"2025-03-19T13:48:40","slug":"about-us-2","status":"publish","type":"page","link":"https:\/\/hpsbutikservice.se\/en\/om-oss\/","title":{"rendered":"About us"},"content":{"rendered":"<p>[et_pb_section fb_built=&#8221;1&#8243; specialty=&#8221;on&#8221; _builder_version=&#8221;4.16&#8243; _module_preset=&#8221;default&#8221; global_colors_info=&#8221;{}&#8221;][et_pb_column type=&#8221;2_3&#8243; specialty_columns=&#8221;2&#8243; _builder_version=&#8221;4.16&#8243; custom_padding=&#8221;|||&#8221; global_colors_info=&#8221;{}&#8221; custom_padding__hover=&#8221;|||&#8221;][et_pb_row_inner _builder_version=&#8221;4.16&#8243; _module_preset=&#8221;default&#8221; global_colors_info=&#8221;{}&#8221;][et_pb_column_inner saved_specialty_column_type=&#8221;2_3&#8243; _builder_version=&#8221;4.16&#8243; _module_preset=&#8221;default&#8221; global_colors_info=&#8221;{}&#8221;][et_pb_text _builder_version=&#8221;4.16&#8243; _module_preset=&#8221;default&#8221; global_colors_info=&#8221;{}&#8221;]<\/p>\n<h1>V\u00e4lkommen att kontakta oss!<\/h1>\n<p>Vi finns alltid tillg\u00e4ngliga f\u00f6r dig, s\u00e5 tveka inte att kontakta oss om du har n\u00e5gra fr\u00e5gor, problem eller kanske f\u00f6rslag. Vi vill g\u00e4rna h\u00f6ra fr\u00e5n dig.<\/p>\n<p>Du n\u00e5r oss smidigt genom att fylla i formul\u00e4ret till h\u00f6ger, eller ring och prata med oss personligen p\u00e5 nedanst\u00e5ende telefonnummer.<br \/>\n[\/et_pb_text][\/et_pb_column_inner][\/et_pb_row_inner][et_pb_row_inner column_structure=&#8221;1_2,1_2&#8243; _builder_version=&#8221;4.27.4&#8243; _module_preset=&#8221;default&#8221; custom_margin=&#8221;|0px|||false|false&#8221; collapsed=&#8221;off&#8221; global_colors_info=&#8221;{}&#8221;][et_pb_column_inner type=&#8221;1_2&#8243; saved_specialty_column_type=&#8221;2_3&#8243; _builder_version=&#8221;4.16&#8243; _module_preset=&#8221;default&#8221; global_colors_info=&#8221;{}&#8221;][et_pb_team_member name=&#8221;Zsolt Hegmegi&#8221; position=&#8221;S\u00e4ljare och revisor&#8221; image_url=&#8221;https:\/\/hpsbutikservice.se\/wp-content\/uploads\/2024\/04\/HP-Z2.jpg&#8221; _builder_version=&#8221;4.27.4&#8243; _module_preset=&#8221;default&#8221; custom_css_member_image=&#8221;float:left;||padding-right:20px;||max-width:200px;&#8221; custom_css_title=&#8221;padding-top:15px;&#8221; global_colors_info=&#8221;{}&#8221; custom_css_member_image_last_edited=&#8221;on|phone&#8221; custom_css_member_image_phone=&#8221;float:none;||text-align:left;||padding-right:0px;&#8221; custom_css_title_last_edited=&#8221;on|phone&#8221; custom_css_title_phone=&#8221;padding-top:0px;&#8221; custom_css_member_image_tablet=&#8221;float:left;||padding-right:20px;&#8221; custom_css_title_tablet=&#8221;padding-top:15px;&#8221;]<\/p>\n<p>Mobil: +46 76 76 77 774<br \/><a href=\"mailto:z@hegmegi.se\">Skicka e-post<\/a><\/p>\n<p>[\/et_pb_team_member][et_pb_team_member name=&#8221;Ulrich Egelrud&#8221; position=&#8221;S\u00e4ljare och revisor&#8221; image_url=&#8221;https:\/\/hpsbutikservice.se\/wp-content\/uploads\/2024\/04\/HP-U1-1.jpg&#8221; _builder_version=&#8221;4.27.4&#8243; _module_preset=&#8221;default&#8221; custom_css_member_image=&#8221;float:left;||padding-right:20px;||max-width:200px;||&#8221; custom_css_title=&#8221;padding-top:15px;&#8221; global_colors_info=&#8221;{}&#8221; custom_css_member_image_last_edited=&#8221;on|phone&#8221; custom_css_member_image_phone=&#8221;float:none;||text-align:left;||padding-right:0px;&#8221; custom_css_title_last_edited=&#8221;on|phone&#8221; custom_css_title_phone=&#8221;padding-top:0px;&#8221; custom_css_member_image_tablet=&#8221;float:left;||padding-right:20px;||max-width:140px;&#8221; custom_css_title_tablet=&#8221;padding-top:15px;&#8221;]<\/p>\n<p>Mobil: +46 76 76 77 006<br \/><a href=\"mailto:ue@hpsbutikservice.se\">Skicka e-post<\/a><\/p>\n<p>[\/et_pb_team_member][\/et_pb_column_inner][et_pb_column_inner type=&#8221;1_2&#8243; saved_specialty_column_type=&#8221;2_3&#8243; _builder_version=&#8221;4.16&#8243; _module_preset=&#8221;default&#8221; global_colors_info=&#8221;{}&#8221;][et_pb_team_member name=&#8221;Lisa Hegmegi&#8221; position=&#8221;Order och kundsupport&#8221; image_url=&#8221;https:\/\/hpsbutikservice.se\/wp-content\/uploads\/2024\/04\/HP-L2.jpg&#8221; _builder_version=&#8221;4.27.4&#8243; _module_preset=&#8221;default&#8221; custom_css_member_image=&#8221;float:left;||padding-right:20px;||max-width:200px;&#8221; custom_css_title=&#8221;padding-top:15px;&#8221; global_colors_info=&#8221;{}&#8221; custom_css_member_image_last_edited=&#8221;on|phone&#8221; custom_css_member_image_phone=&#8221;float:none;||text-align:left;||padding-right:0px;&#8221; custom_css_title_last_edited=&#8221;on|phone&#8221; custom_css_title_phone=&#8221;padding-top:0px;&#8221; custom_css_member_image_tablet=&#8221;float:left;||padding-right:20px;&#8221; custom_css_title_tablet=&#8221;padding-top:15px;&#8221;]<\/p>\n<p>Mobil: +46 72 745 00 99<br \/><a href=\"mailto:lh@hpsbutikservice.se\">Skicka e-post<\/a><\/p>\n<p>[\/et_pb_team_member][et_pb_code _builder_version=&#8221;4.27.4&#8243; _module_preset=&#8221;default&#8221; global_colors_info=&#8221;{}&#8221;][\/et_pb_code][\/et_pb_column_inner][\/et_pb_row_inner][\/et_pb_column][et_pb_column type=&#8221;1_3&#8243; _builder_version=&#8221;4.16&#8243; custom_padding=&#8221;|||&#8221; global_colors_info=&#8221;{}&#8221; custom_padding__hover=&#8221;|||&#8221;][et_pb_text _builder_version=&#8221;4.16&#8243; _module_preset=&#8221;default&#8221; text_font=&#8221;|600|||||||&#8221; text_font_size=&#8221;18px&#8221; global_colors_info=&#8221;{}&#8221;]<span class=\"VIiyi\" lang=\"en\"><span class=\"JLqJ4b ChMk0b\" data-language-for-alternatives=\"en\" data-language-to-translate-into=\"sv\" data-phrase-index=\"0\">If you want to be contacted by us, fill in the form and we will contact you shortly!<\/span><\/span><br \/>\n[\/et_pb_text][et_pb_contact_form email=&#8221;info@hpsbutikservice.se&#8221; custom_message=&#8221;%%Name%%||et_pb_line_break_holder||%%Email%%||et_pb_line_break_holder||%%subject%%||et_pb_line_break_holder||%%Message%%&#8221; success_message=&#8221;Thank\u00b4s for your email, we vill contact you soon.&#8221; _builder_version=&#8221;4.16&#8243; _module_preset=&#8221;default&#8221; _unique_id=&#8221;5bbab9d8-448d-4fe1-bef3-993b886489e8&#8243; global_colors_info=&#8221;{}&#8221;][et_pb_contact_field field_id=&#8221;Name&#8221; field_title=&#8221;Name&#8221; fullwidth_field=&#8221;on&#8221; _builder_version=&#8221;4.16&#8243; global_colors_info=&#8221;{}&#8221; button_text_size__hover_enabled=&#8221;off&#8221; button_one_text_size__hover_enabled=&#8221;off&#8221; button_two_text_size__hover_enabled=&#8221;off&#8221; button_text_color__hover_enabled=&#8221;off&#8221; button_one_text_color__hover_enabled=&#8221;off&#8221; button_two_text_color__hover_enabled=&#8221;off&#8221; button_border_width__hover_enabled=&#8221;off&#8221; button_one_border_width__hover_enabled=&#8221;off&#8221; button_two_border_width__hover_enabled=&#8221;off&#8221; button_border_color__hover_enabled=&#8221;off&#8221; button_one_border_color__hover_enabled=&#8221;off&#8221; button_two_border_color__hover_enabled=&#8221;off&#8221; button_border_radius__hover_enabled=&#8221;off&#8221; button_one_border_radius__hover_enabled=&#8221;off&#8221; button_two_border_radius__hover_enabled=&#8221;off&#8221; button_letter_spacing__hover_enabled=&#8221;off&#8221; button_one_letter_spacing__hover_enabled=&#8221;off&#8221; button_two_letter_spacing__hover_enabled=&#8221;off&#8221; button_bg_color__hover_enabled=&#8221;off&#8221; button_one_bg_color__hover_enabled=&#8221;off&#8221; button_two_bg_color__hover_enabled=&#8221;off&#8221;][\/et_pb_contact_field][et_pb_contact_field field_id=&#8221;Email&#8221; field_title=&#8221;Email Address&#8221; field_type=&#8221;email&#8221; fullwidth_field=&#8221;on&#8221; _builder_version=&#8221;4.16&#8243; global_colors_info=&#8221;{}&#8221; button_text_size__hover_enabled=&#8221;off&#8221; button_one_text_size__hover_enabled=&#8221;off&#8221; button_two_text_size__hover_enabled=&#8221;off&#8221; button_text_color__hover_enabled=&#8221;off&#8221; button_one_text_color__hover_enabled=&#8221;off&#8221; button_two_text_color__hover_enabled=&#8221;off&#8221; button_border_width__hover_enabled=&#8221;off&#8221; button_one_border_width__hover_enabled=&#8221;off&#8221; button_two_border_width__hover_enabled=&#8221;off&#8221; button_border_color__hover_enabled=&#8221;off&#8221; button_one_border_color__hover_enabled=&#8221;off&#8221; button_two_border_color__hover_enabled=&#8221;off&#8221; button_border_radius__hover_enabled=&#8221;off&#8221; button_one_border_radius__hover_enabled=&#8221;off&#8221; button_two_border_radius__hover_enabled=&#8221;off&#8221; button_letter_spacing__hover_enabled=&#8221;off&#8221; button_one_letter_spacing__hover_enabled=&#8221;off&#8221; button_two_letter_spacing__hover_enabled=&#8221;off&#8221; button_bg_color__hover_enabled=&#8221;off&#8221; button_one_bg_color__hover_enabled=&#8221;off&#8221; button_two_bg_color__hover_enabled=&#8221;off&#8221;][\/et_pb_contact_field][et_pb_contact_field field_id=&#8221;subject&#8221; field_title=&#8221;Subject&#8221; fullwidth_field=&#8221;on&#8221; _builder_version=&#8221;4.16&#8243; _module_preset=&#8221;default&#8221; global_colors_info=&#8221;{}&#8221;][\/et_pb_contact_field][et_pb_contact_field field_id=&#8221;Message&#8221; field_title=&#8221;Message&#8221; field_type=&#8221;text&#8221; fullwidth_field=&#8221;on&#8221; _builder_version=&#8221;4.16&#8243; global_colors_info=&#8221;{}&#8221; button_text_size__hover_enabled=&#8221;off&#8221; button_one_text_size__hover_enabled=&#8221;off&#8221; button_two_text_size__hover_enabled=&#8221;off&#8221; button_text_color__hover_enabled=&#8221;off&#8221; button_one_text_color__hover_enabled=&#8221;off&#8221; button_two_text_color__hover_enabled=&#8221;off&#8221; button_border_width__hover_enabled=&#8221;off&#8221; button_one_border_width__hover_enabled=&#8221;off&#8221; button_two_border_width__hover_enabled=&#8221;off&#8221; button_border_color__hover_enabled=&#8221;off&#8221; button_one_border_color__hover_enabled=&#8221;off&#8221; button_two_border_color__hover_enabled=&#8221;off&#8221; button_border_radius__hover_enabled=&#8221;off&#8221; button_one_border_radius__hover_enabled=&#8221;off&#8221; button_two_border_radius__hover_enabled=&#8221;off&#8221; button_letter_spacing__hover_enabled=&#8221;off&#8221; button_one_letter_spacing__hover_enabled=&#8221;off&#8221; button_two_letter_spacing__hover_enabled=&#8221;off&#8221; button_bg_color__hover_enabled=&#8221;off&#8221; button_one_bg_color__hover_enabled=&#8221;off&#8221; button_two_bg_color__hover_enabled=&#8221;off&#8221;][\/et_pb_contact_field][\/et_pb_contact_form][\/et_pb_column][\/et_pb_section]<\/p>\n","protected":false},"excerpt":{"rendered":"<p>V\u00e4lkommen att kontakta oss! Vi finns alltid tillg\u00e4ngliga f\u00f6r dig, s\u00e5 tveka inte att kontakta oss om du har n\u00e5gra fr\u00e5gor, problem eller kanske f\u00f6rslag. Vi vill g\u00e4rna h\u00f6ra fr\u00e5n dig. Du n\u00e5r oss smidigt genom att fylla i formul\u00e4ret till h\u00f6ger, eller ring och prata med oss personligen p\u00e5 nedanst\u00e5ende telefonnummer. Mobil: +46 76 [&hellip;]<\/p>\n","protected":false},"author":1,"featured_media":0,"parent":0,"menu_order":0,"comment_status":"closed","ping_status":"closed","template":"","meta":{"_et_pb_use_builder":"on","_et_pb_old_content":"","_et_gb_content_width":"","footnotes":""},"class_list":["post-4393774","page","type-page","status-publish","hentry"],"yoast_head":"<!-- This site is optimized with the Yoast SEO plugin v27.2 - https:\/\/yoast.com\/product\/yoast-seo-wordpress\/ -->\n<title>Om oss - hpsbutikservice.se<\/title>\n<meta name=\"robots\" content=\"index, follow, max-snippet:-1, max-image-preview:large, max-video-preview:-1\" \/>\n<link rel=\"canonical\" href=\"https:\/\/hpsbutikservice.se\/en\/about-us-2\/\" \/>\n<meta property=\"og:locale\" content=\"en_US\" \/>\n<meta property=\"og:type\" content=\"article\" \/>\n<meta property=\"og:title\" content=\"Om oss - hpsbutikservice.se\" \/>\n<meta property=\"og:description\" content=\"V\u00e4lkommen att kontakta oss! Vi finns alltid tillg\u00e4ngliga f\u00f6r dig, s\u00e5 tveka inte att kontakta oss om du har n\u00e5gra fr\u00e5gor, problem eller kanske f\u00f6rslag. Vi vill g\u00e4rna h\u00f6ra fr\u00e5n dig. Du n\u00e5r oss smidigt genom att fylla i formul\u00e4ret till h\u00f6ger, eller ring och prata med oss personligen p\u00e5 nedanst\u00e5ende telefonnummer. Mobil: +46 76 [&hellip;]\" \/>\n<meta property=\"og:url\" content=\"https:\/\/hpsbutikservice.se\/en\/about-us-2\/\" \/>\n<meta property=\"og:site_name\" content=\"hpsbutikservice.se\" \/>\n<meta property=\"article:modified_time\" content=\"2025-03-19T13:48:40+00:00\" \/>\n<meta name=\"twitter:card\" content=\"summary_large_image\" \/>\n<meta name=\"twitter:label1\" content=\"Est. reading time\" \/>\n\t<meta name=\"twitter:data1\" content=\"2 minutes\" \/>\n<script type=\"application\/ld+json\" class=\"yoast-schema-graph\">{\"@context\":\"https:\/\/schema.org\",\"@graph\":[{\"@type\":\"WebPage\",\"@id\":\"https:\/\/hpsbutikservice.se\/om-oss\/\",\"url\":\"https:\/\/hpsbutikservice.se\/om-oss\/\",\"name\":\"Om oss - hpsbutikservice.se\",\"isPartOf\":{\"@id\":\"https:\/\/hpsbutikservice.se\/#website\"},\"datePublished\":\"2021-09-10T07:44:17+00:00\",\"dateModified\":\"2025-03-19T13:48:40+00:00\",\"breadcrumb\":{\"@id\":\"https:\/\/hpsbutikservice.se\/om-oss\/#breadcrumb\"},\"inLanguage\":\"en-US\",\"potentialAction\":[{\"@type\":\"ReadAction\",\"target\":[\"https:\/\/hpsbutikservice.se\/om-oss\/\"]}]},{\"@type\":\"BreadcrumbList\",\"@id\":\"https:\/\/hpsbutikservice.se\/om-oss\/#breadcrumb\",\"itemListElement\":[{\"@type\":\"ListItem\",\"position\":1,\"name\":\"Home\",\"item\":\"https:\/\/hpsbutikservice.se\/\"},{\"@type\":\"ListItem\",\"position\":2,\"name\":\"Om oss\"}]},{\"@type\":\"WebSite\",\"@id\":\"https:\/\/hpsbutikservice.se\/#website\",\"url\":\"https:\/\/hpsbutikservice.se\/\",\"name\":\"hpsbutikservice.se\",\"description\":\"Kompletta butikslarm\",\"publisher\":{\"@id\":\"https:\/\/hpsbutikservice.se\/#organization\"},\"potentialAction\":[{\"@type\":\"SearchAction\",\"target\":{\"@type\":\"EntryPoint\",\"urlTemplate\":\"https:\/\/hpsbutikservice.se\/?s={search_term_string}\"},\"query-input\":{\"@type\":\"PropertyValueSpecification\",\"valueRequired\":true,\"valueName\":\"search_term_string\"}}],\"inLanguage\":\"en-US\"},{\"@type\":\"Organization\",\"@id\":\"https:\/\/hpsbutikservice.se\/#organization\",\"name\":\"hpsbutikservice.se\",\"url\":\"https:\/\/hpsbutikservice.se\/\",\"logo\":{\"@type\":\"ImageObject\",\"inLanguage\":\"en-US\",\"@id\":\"https:\/\/hpsbutikservice.se\/#\/schema\/logo\/image\/\",\"url\":\"https:\/\/hpsbutikservice.se\/wp-content\/uploads\/2021\/04\/HPsButikservice.jpg\",\"contentUrl\":\"https:\/\/hpsbutikservice.se\/wp-content\/uploads\/2021\/04\/HPsButikservice.jpg\",\"width\":209,\"height\":130,\"caption\":\"hpsbutikservice.se\"},\"image\":{\"@id\":\"https:\/\/hpsbutikservice.se\/#\/schema\/logo\/image\/\"}}]}<\/script>\n<!-- \/ Yoast SEO plugin. -->","yoast_head_json":{"title":"Om oss - hpsbutikservice.se","robots":{"index":"index","follow":"follow","max-snippet":"max-snippet:-1","max-image-preview":"max-image-preview:large","max-video-preview":"max-video-preview:-1"},"canonical":"https:\/\/hpsbutikservice.se\/en\/about-us-2\/","og_locale":"en_US","og_type":"article","og_title":"Om oss - hpsbutikservice.se","og_description":"V\u00e4lkommen att kontakta oss! Vi finns alltid tillg\u00e4ngliga f\u00f6r dig, s\u00e5 tveka inte att kontakta oss om du har n\u00e5gra fr\u00e5gor, problem eller kanske f\u00f6rslag. Vi vill g\u00e4rna h\u00f6ra fr\u00e5n dig. Du n\u00e5r oss smidigt genom att fylla i formul\u00e4ret till h\u00f6ger, eller ring och prata med oss personligen p\u00e5 nedanst\u00e5ende telefonnummer. Mobil: +46 76 [&hellip;]","og_url":"https:\/\/hpsbutikservice.se\/en\/about-us-2\/","og_site_name":"hpsbutikservice.se","article_modified_time":"2025-03-19T13:48:40+00:00","twitter_card":"summary_large_image","twitter_misc":{"Est. reading time":"2 minutes"},"schema":{"@context":"https:\/\/schema.org","@graph":[{"@type":"WebPage","@id":"https:\/\/hpsbutikservice.se\/om-oss\/","url":"https:\/\/hpsbutikservice.se\/om-oss\/","name":"Om oss - hpsbutikservice.se","isPartOf":{"@id":"https:\/\/hpsbutikservice.se\/#website"},"datePublished":"2021-09-10T07:44:17+00:00","dateModified":"2025-03-19T13:48:40+00:00","breadcrumb":{"@id":"https:\/\/hpsbutikservice.se\/om-oss\/#breadcrumb"},"inLanguage":"en-US","potentialAction":[{"@type":"ReadAction","target":["https:\/\/hpsbutikservice.se\/om-oss\/"]}]},{"@type":"BreadcrumbList","@id":"https:\/\/hpsbutikservice.se\/om-oss\/#breadcrumb","itemListElement":[{"@type":"ListItem","position":1,"name":"Home","item":"https:\/\/hpsbutikservice.se\/"},{"@type":"ListItem","position":2,"name":"Om oss"}]},{"@type":"WebSite","@id":"https:\/\/hpsbutikservice.se\/#website","url":"https:\/\/hpsbutikservice.se\/","name":"hpsbutikservice.se","description":"Kompletta butikslarm","publisher":{"@id":"https:\/\/hpsbutikservice.se\/#organization"},"potentialAction":[{"@type":"SearchAction","target":{"@type":"EntryPoint","urlTemplate":"https:\/\/hpsbutikservice.se\/?s={search_term_string}"},"query-input":{"@type":"PropertyValueSpecification","valueRequired":true,"valueName":"search_term_string"}}],"inLanguage":"en-US"},{"@type":"Organization","@id":"https:\/\/hpsbutikservice.se\/#organization","name":"hpsbutikservice.se","url":"https:\/\/hpsbutikservice.se\/","logo":{"@type":"ImageObject","inLanguage":"en-US","@id":"https:\/\/hpsbutikservice.se\/#\/schema\/logo\/image\/","url":"https:\/\/hpsbutikservice.se\/wp-content\/uploads\/2021\/04\/HPsButikservice.jpg","contentUrl":"https:\/\/hpsbutikservice.se\/wp-content\/uploads\/2021\/04\/HPsButikservice.jpg","width":209,"height":130,"caption":"hpsbutikservice.se"},"image":{"@id":"https:\/\/hpsbutikservice.se\/#\/schema\/logo\/image\/"}}]}},"_links":{"self":[{"href":"https:\/\/hpsbutikservice.se\/en\/wp-json\/wp\/v2\/pages\/4393774","targetHints":{"allow":["GET"]}}],"collection":[{"href":"https:\/\/hpsbutikservice.se\/en\/wp-json\/wp\/v2\/pages"}],"about":[{"href":"https:\/\/hpsbutikservice.se\/en\/wp-json\/wp\/v2\/types\/page"}],"author":[{"embeddable":true,"href":"https:\/\/hpsbutikservice.se\/en\/wp-json\/wp\/v2\/users\/1"}],"replies":[{"embeddable":true,"href":"https:\/\/hpsbutikservice.se\/en\/wp-json\/wp\/v2\/comments?post=4393774"}],"version-history":[{"count":76,"href":"https:\/\/hpsbutikservice.se\/en\/wp-json\/wp\/v2\/pages\/4393774\/revisions"}],"predecessor-version":[{"id":4396707,"href":"https:\/\/hpsbutikservice.se\/en\/wp-json\/wp\/v2\/pages\/4393774\/revisions\/4396707"}],"wp:attachment":[{"href":"https:\/\/hpsbutikservice.se\/en\/wp-json\/wp\/v2\/media?parent=4393774"}],"curies":[{"name":"wp","href":"https:\/\/api.w.org\/{rel}","templated":true}]}}